{"id":820,"date":"2024-08-26T13:41:39","date_gmt":"2024-08-26T17:41:39","guid":{"rendered":"https:\/\/centrodeinvestigacion.com.ve\/revistacientifica\/?page_id=820"},"modified":"2024-08-26T13:48:13","modified_gmt":"2024-08-26T17:48:13","slug":"tomo-4","status":"publish","type":"page","link":"https:\/\/centrodeinvestigacion.com.ve\/revistacientifica\/tomo-4\/","title":{"rendered":"Tomo 4"},"content":{"rendered":"\n<p>Puedes visualizar todos art\u00edculos publicados en el Tomo 4 de la revista:<\/p>\n\n\n\n<ol class=\"wp-block-list\">\n<li><a href=\"https:\/\/centrodeinvestigacion.com.ve\/revistacientifica\/wp-admin\/post.php?post=791&amp;action=edit\">Transformado para Transformar: Repensado la Educaci\u00f3n post Pandemia<\/a><\/li>\n\n\n\n<li><a href=\"https:\/\/centrodeinvestigacion.com.ve\/revistacientifica\/wp-admin\/post.php?post=788&amp;action=edit\">GESTI\u00d3N MUNICIPAL DE VENEZUELA, UNA MIRADA HACIA LA BLOCKCHAIN.&nbsp; ESTADO DEL ARTE<\/a><\/li>\n\n\n\n<li><a href=\"https:\/\/centrodeinvestigacion.com.ve\/revistacientifica\/wp-admin\/post.php?post=785&amp;action=edit\">Estrategias gerenciales &nbsp;para optimizar el desempe\u00f1o de la gesti\u00f3n &nbsp;en la &nbsp;direcci\u00f3n cient\u00edfica.<\/a><\/li>\n\n\n\n<li><a href=\"https:\/\/centrodeinvestigacion.com.ve\/revistacientifica\/wp-admin\/post.php?post=782&amp;action=edit\">Desempe\u00f1o gerencial en el marco&nbsp; de la transformaci\u00f3n&nbsp; curricular: Una mirada a la formaci\u00f3n&nbsp; docente&nbsp; desde el programa Canaima educativo<\/a><\/li>\n<\/ol>\n","protected":false},"excerpt":{"rendered":"<p>Puedes visualizar todos art\u00edculos publicados en el Tomo 4 de la revista:<\/p>\n","protected":false},"author":1,"featured_media":778,"parent":0,"menu_order":0,"comment_status":"closed","ping_status":"closed","template":"","meta":{"iawp_total_views":30,"footnotes":""},"class_list":["post-820","page","type-page","status-publish","has-post-thumbnail","hentry"],"yoast_head":"<!-- This site is optimized with the Yoast SEO plugin v23.1 - https:\/\/yoast.com\/wordpress\/plugins\/seo\/ -->\n<title>Tomo 4 - Revista Arbitrada e Indexada Cient\u00edfica Universitaria<\/title>\n<meta name=\"robots\" content=\"index, follow, max-snippet:-1, max-image-preview:large, max-video-preview:-1\" \/>\n<link rel=\"canonical\" href=\"https:\/\/centrodeinvestigacion.com.ve\/revistacientifica\/tomo-4\/\" \/>\n<meta property=\"og:locale\" content=\"es_ES\" \/>\n<meta property=\"og:type\" content=\"article\" \/>\n<meta property=\"og:title\" content=\"Tomo 4 - Revista Arbitrada e Indexada Cient\u00edfica Universitaria\" \/>\n<meta property=\"og:description\" content=\"Puedes visualizar todos art\u00edculos publicados en el Tomo 4 de la revista:\" \/>\n<meta property=\"og:url\" content=\"https:\/\/centrodeinvestigacion.com.ve\/revistacientifica\/tomo-4\/\" \/>\n<meta property=\"og:site_name\" content=\"Revista Arbitrada e Indexada Cient\u00edfica Universitaria\" \/>\n<meta property=\"article:modified_time\" content=\"2024-08-26T17:48:13+00:00\" \/>\n<meta property=\"og:image\" content=\"https:\/\/centrodeinvestigacion.com.ve\/revistacientifica\/wp-content\/uploads\/sites\/2\/2024\/07\/Captura-desde-2024-07-14-17-13-58.png\" \/>\n\t<meta property=\"og:image:width\" content=\"800\" \/>\n\t<meta property=\"og:image:height\" content=\"584\" \/>\n\t<meta property=\"og:image:type\" content=\"image\/png\" \/>\n<meta name=\"twitter:card\" content=\"summary_large_image\" \/>\n<meta name=\"twitter:label1\" content=\"Tiempo de lectura\" \/>\n\t<meta name=\"twitter:data1\" content=\"1 minuto\" \/>\n<script type=\"application\/ld+json\" class=\"yoast-schema-graph\">{\"@context\":\"https:\/\/schema.org\",\"@graph\":[{\"@type\":\"WebPage\",\"@id\":\"https:\/\/centrodeinvestigacion.com.ve\/revistacientifica\/tomo-4\/\",\"url\":\"https:\/\/centrodeinvestigacion.com.ve\/revistacientifica\/tomo-4\/\",\"name\":\"Tomo 4 - Revista Arbitrada e Indexada Cient\u00edfica Universitaria\",\"isPartOf\":{\"@id\":\"https:\/\/centrodeinvestigacion.com.ve\/revistacientifica\/#website\"},\"primaryImageOfPage\":{\"@id\":\"https:\/\/centrodeinvestigacion.com.ve\/revistacientifica\/tomo-4\/#primaryimage\"},\"image\":{\"@id\":\"https:\/\/centrodeinvestigacion.com.ve\/revistacientifica\/tomo-4\/#primaryimage\"},\"thumbnailUrl\":\"https:\/\/centrodeinvestigacion.com.ve\/revistacientifica\/wp-content\/uploads\/sites\/2\/2024\/07\/Captura-desde-2024-07-14-17-13-58.png\",\"datePublished\":\"2024-08-26T17:41:39+00:00\",\"dateModified\":\"2024-08-26T17:48:13+00:00\",\"breadcrumb\":{\"@id\":\"https:\/\/centrodeinvestigacion.com.ve\/revistacientifica\/tomo-4\/#breadcrumb\"},\"inLanguage\":\"es\",\"potentialAction\":[{\"@type\":\"ReadAction\",\"target\":[\"https:\/\/centrodeinvestigacion.com.ve\/revistacientifica\/tomo-4\/\"]}]},{\"@type\":\"ImageObject\",\"inLanguage\":\"es\",\"@id\":\"https:\/\/centrodeinvestigacion.com.ve\/revistacientifica\/tomo-4\/#primaryimage\",\"url\":\"https:\/\/centrodeinvestigacion.com.ve\/revistacientifica\/wp-content\/uploads\/sites\/2\/2024\/07\/Captura-desde-2024-07-14-17-13-58.png\",\"contentUrl\":\"https:\/\/centrodeinvestigacion.com.ve\/revistacientifica\/wp-content\/uploads\/sites\/2\/2024\/07\/Captura-desde-2024-07-14-17-13-58.png\",\"width\":800,\"height\":584},{\"@type\":\"BreadcrumbList\",\"@id\":\"https:\/\/centrodeinvestigacion.com.ve\/revistacientifica\/tomo-4\/#breadcrumb\",\"itemListElement\":[{\"@type\":\"ListItem\",\"position\":1,\"name\":\"Portada\",\"item\":\"https:\/\/centrodeinvestigacion.com.ve\/revistacientifica\/\"},{\"@type\":\"ListItem\",\"position\":2,\"name\":\"Tomo 4\"}]},{\"@type\":\"WebSite\",\"@id\":\"https:\/\/centrodeinvestigacion.com.ve\/revistacientifica\/#website\",\"url\":\"https:\/\/centrodeinvestigacion.com.ve\/revistacientifica\/\",\"name\":\"Revista Arbitrada e Indexada Cient\u00edfica Universitaria\",\"description\":\"\",\"publisher\":{\"@id\":\"https:\/\/centrodeinvestigacion.com.ve\/revistacientifica\/#organization\"},\"potentialAction\":[{\"@type\":\"SearchAction\",\"target\":{\"@type\":\"EntryPoint\",\"urlTemplate\":\"https:\/\/centrodeinvestigacion.com.ve\/revistacientifica\/?s={search_term_string}\"},\"query-input\":\"required name=search_term_string\"}],\"inLanguage\":\"es\"},{\"@type\":\"Organization\",\"@id\":\"https:\/\/centrodeinvestigacion.com.ve\/revistacientifica\/#organization\",\"name\":\"Revista Arbitrada e Indexada Cient\u00edfica Universitaria\",\"url\":\"https:\/\/centrodeinvestigacion.com.ve\/revistacientifica\/\",\"logo\":{\"@type\":\"ImageObject\",\"inLanguage\":\"es\",\"@id\":\"https:\/\/centrodeinvestigacion.com.ve\/revistacientifica\/#\/schema\/logo\/image\/\",\"url\":\"https:\/\/centrodeinvestigacion.com.ve\/revistacientifica\/wp-content\/uploads\/sites\/2\/2025\/12\/centro.jpg\",\"contentUrl\":\"https:\/\/centrodeinvestigacion.com.ve\/revistacientifica\/wp-content\/uploads\/sites\/2\/2025\/12\/centro.jpg\",\"width\":443,\"height\":172,\"caption\":\"Revista Arbitrada e Indexada Cient\u00edfica Universitaria\"},\"image\":{\"@id\":\"https:\/\/centrodeinvestigacion.com.ve\/revistacientifica\/#\/schema\/logo\/image\/\"}}]}<\/script>\n<!-- \/ Yoast SEO plugin. -->","yoast_head_json":{"title":"Tomo 4 - Revista Arbitrada e Indexada Cient\u00edfica Universitaria","robots":{"index":"index","follow":"follow","max-snippet":"max-snippet:-1","max-image-preview":"max-image-preview:large","max-video-preview":"max-video-preview:-1"},"canonical":"https:\/\/centrodeinvestigacion.com.ve\/revistacientifica\/tomo-4\/","og_locale":"es_ES","og_type":"article","og_title":"Tomo 4 - Revista Arbitrada e Indexada Cient\u00edfica Universitaria","og_description":"Puedes visualizar todos art\u00edculos publicados en el Tomo 4 de la revista:","og_url":"https:\/\/centrodeinvestigacion.com.ve\/revistacientifica\/tomo-4\/","og_site_name":"Revista Arbitrada e Indexada Cient\u00edfica Universitaria","article_modified_time":"2024-08-26T17:48:13+00:00","og_image":[{"width":800,"height":584,"url":"https:\/\/centrodeinvestigacion.com.ve\/revistacientifica\/wp-content\/uploads\/sites\/2\/2024\/07\/Captura-desde-2024-07-14-17-13-58.png","type":"image\/png"}],"twitter_card":"summary_large_image","twitter_misc":{"Tiempo de lectura":"1 minuto"},"schema":{"@context":"https:\/\/schema.org","@graph":[{"@type":"WebPage","@id":"https:\/\/centrodeinvestigacion.com.ve\/revistacientifica\/tomo-4\/","url":"https:\/\/centrodeinvestigacion.com.ve\/revistacientifica\/tomo-4\/","name":"Tomo 4 - Revista Arbitrada e Indexada Cient\u00edfica Universitaria","isPartOf":{"@id":"https:\/\/centrodeinvestigacion.com.ve\/revistacientifica\/#website"},"primaryImageOfPage":{"@id":"https:\/\/centrodeinvestigacion.com.ve\/revistacientifica\/tomo-4\/#primaryimage"},"image":{"@id":"https:\/\/centrodeinvestigacion.com.ve\/revistacientifica\/tomo-4\/#primaryimage"},"thumbnailUrl":"https:\/\/centrodeinvestigacion.com.ve\/revistacientifica\/wp-content\/uploads\/sites\/2\/2024\/07\/Captura-desde-2024-07-14-17-13-58.png","datePublished":"2024-08-26T17:41:39+00:00","dateModified":"2024-08-26T17:48:13+00:00","breadcrumb":{"@id":"https:\/\/centrodeinvestigacion.com.ve\/revistacientifica\/tomo-4\/#breadcrumb"},"inLanguage":"es","potentialAction":[{"@type":"ReadAction","target":["https:\/\/centrodeinvestigacion.com.ve\/revistacientifica\/tomo-4\/"]}]},{"@type":"ImageObject","inLanguage":"es","@id":"https:\/\/centrodeinvestigacion.com.ve\/revistacientifica\/tomo-4\/#primaryimage","url":"https:\/\/centrodeinvestigacion.com.ve\/revistacientifica\/wp-content\/uploads\/sites\/2\/2024\/07\/Captura-desde-2024-07-14-17-13-58.png","contentUrl":"https:\/\/centrodeinvestigacion.com.ve\/revistacientifica\/wp-content\/uploads\/sites\/2\/2024\/07\/Captura-desde-2024-07-14-17-13-58.png","width":800,"height":584},{"@type":"BreadcrumbList","@id":"https:\/\/centrodeinvestigacion.com.ve\/revistacientifica\/tomo-4\/#breadcrumb","itemListElement":[{"@type":"ListItem","position":1,"name":"Portada","item":"https:\/\/centrodeinvestigacion.com.ve\/revistacientifica\/"},{"@type":"ListItem","position":2,"name":"Tomo 4"}]},{"@type":"WebSite","@id":"https:\/\/centrodeinvestigacion.com.ve\/revistacientifica\/#website","url":"https:\/\/centrodeinvestigacion.com.ve\/revistacientifica\/","name":"Revista Arbitrada e Indexada Cient\u00edfica Universitaria","description":"","publisher":{"@id":"https:\/\/centrodeinvestigacion.com.ve\/revistacientifica\/#organization"},"potentialAction":[{"@type":"SearchAction","target":{"@type":"EntryPoint","urlTemplate":"https:\/\/centrodeinvestigacion.com.ve\/revistacientifica\/?s={search_term_string}"},"query-input":"required name=search_term_string"}],"inLanguage":"es"},{"@type":"Organization","@id":"https:\/\/centrodeinvestigacion.com.ve\/revistacientifica\/#organization","name":"Revista Arbitrada e Indexada Cient\u00edfica Universitaria","url":"https:\/\/centrodeinvestigacion.com.ve\/revistacientifica\/","logo":{"@type":"ImageObject","inLanguage":"es","@id":"https:\/\/centrodeinvestigacion.com.ve\/revistacientifica\/#\/schema\/logo\/image\/","url":"https:\/\/centrodeinvestigacion.com.ve\/revistacientifica\/wp-content\/uploads\/sites\/2\/2025\/12\/centro.jpg","contentUrl":"https:\/\/centrodeinvestigacion.com.ve\/revistacientifica\/wp-content\/uploads\/sites\/2\/2025\/12\/centro.jpg","width":443,"height":172,"caption":"Revista Arbitrada e Indexada Cient\u00edfica Universitaria"},"image":{"@id":"https:\/\/centrodeinvestigacion.com.ve\/revistacientifica\/#\/schema\/logo\/image\/"}}]}},"_links":{"self":[{"href":"https:\/\/centrodeinvestigacion.com.ve\/revistacientifica\/wp-json\/wp\/v2\/pages\/820","targetHints":{"allow":["GET"]}}],"collection":[{"href":"https:\/\/centrodeinvestigacion.com.ve\/revistacientifica\/wp-json\/wp\/v2\/pages"}],"about":[{"href":"https:\/\/centrodeinvestigacion.com.ve\/revistacientifica\/wp-json\/wp\/v2\/types\/page"}],"author":[{"embeddable":true,"href":"https:\/\/centrodeinvestigacion.com.ve\/revistacientifica\/wp-json\/wp\/v2\/users\/1"}],"replies":[{"embeddable":true,"href":"https:\/\/centrodeinvestigacion.com.ve\/revistacientifica\/wp-json\/wp\/v2\/comments?post=820"}],"version-history":[{"count":2,"href":"https:\/\/centrodeinvestigacion.com.ve\/revistacientifica\/wp-json\/wp\/v2\/pages\/820\/revisions"}],"predecessor-version":[{"id":833,"href":"https:\/\/centrodeinvestigacion.com.ve\/revistacientifica\/wp-json\/wp\/v2\/pages\/820\/revisions\/833"}],"wp:featuredmedia":[{"embeddable":true,"href":"https:\/\/centrodeinvestigacion.com.ve\/revistacientifica\/wp-json\/wp\/v2\/media\/778"}],"wp:attachment":[{"href":"https:\/\/centrodeinvestigacion.com.ve\/revistacientifica\/wp-json\/wp\/v2\/media?parent=820"}],"curies":[{"name":"wp","href":"https:\/\/api.w.org\/{rel}","templated":true}]}}