{"id":458,"date":"2024-07-14T18:52:34","date_gmt":"2024-07-14T18:52:34","guid":{"rendered":"https:\/\/centrodeinvestigacion.com.ve\/?page_id=458"},"modified":"2025-05-27T13:44:26","modified_gmt":"2025-05-27T13:44:26","slug":"programas-academicos","status":"publish","type":"page","link":"https:\/\/centrodeinvestigacion.com.ve\/?page_id=458","title":{"rendered":"Programas Acad\u00e9micos"},"content":{"rendered":"\n<p><strong>Programas Acad\u00e9micos<\/strong><\/p>\n\n\n\n<p>Es una estructura que planifica, objetivos, estrategias, actividades, metas, materiales, recursos, tiempo y espacio, para ejecutar procesos acad\u00e9micos, articulados con las l\u00edneas de investigaci\u00f3n previamente dise\u00f1adas a tales fines.<\/p>\n\n\n\n<p><strong>Programas de diplomados online, virtual y presencial de diversa genesis cientifica y academicas. <\/strong><\/p>\n\n\n\n<p><strong>Programas de asesorias y tutorias  directas o via online, sobre temas cientificos y de investigacion socio tecnologicas y agentes educativas y de proyectos. <\/strong><\/p>\n\n\n\n<p><strong>Programas de acreditacion y titulacion  por cursos,  charlas,  conferencias, conversatorios, talleres etc, mediante entrega de certificados  de aval universitario. <\/strong><\/p>\n\n\n\n<p><strong>Programa de aceptaci\u00f3n, acreditacion, evaluacion por publicacion de articulos arbitrados e indexados en diversas ramas de la educaci\u00f3n, las ciencias y la tecnol\u00f3gia. <\/strong><\/p>\n\n\n\n<p><strong>Programas de difusi\u00f3n, publicacion y promocion de proyectos en diversas modalidades cientificas y tecnologicas y socio productivas.<\/strong><\/p>\n\n\n\n<p><strong>Modelo Prototipo de Articulaci\u00f3n de estructuras Socio Educativa y Unidades Acad\u00e9micas. <a href=\"http:\/\/uptparia.edu.ve\" target=\"_blank\" rel=\"noopener\" title=\"\">Uptp Luis Mariano Rivera<\/a> y <a href=\"https:\/\/localhost\" title=\"\">Centro de Investigaci\u00f3n universitario<\/a>. C.I.U.<\/strong><\/p>\n\n\n\n<p>Est\u00e1 estructura, organiza y dise\u00f1a, ideas y actividades, articuladas con las l\u00edneas de investigaci\u00f3n y los programas, detallando los cursos, charlas, talleres, simposios, conferencias, diplomados acreditaciones o titulaciones de diversa \u00e1rea de conocimiento tangible e intangible, de acuerdo a las necesidades cient\u00edficas necesitadas a los fines expuestos.<\/p>\n\n\n\n<p><strong>Los Departamento Acad\u00e9micos o Unidades Acad\u00e9micas:<\/strong><\/p>\n\n\n\n<p>Alimentaci\u00f3n, Administraci\u00f3n, Inform\u00e1tica, Mec\u00e1nica, Mantenimiento, Turismo, Inform\u00e1tica, Alimento y Cultura Nutricional Mercadeo, y Tecnolog\u00eda Naval debe articular con los centros de investigaci\u00f3n, para reforzar sus l\u00edneas de trabajo, mediante estrategias socio educativos de servicio y operatividad como planes, programas y proyectos, concretos universales y espec\u00edficos para elevar el nivel de producci\u00f3n cient\u00edfica e Intelectual socio productiva y tecnol\u00f3gica, en todas los \u00e1mbitos de la compleja estructura educativa y profesional que oferta la universidad, al colectivo ll\u00e1mese comunidad universitaria interna y externa, a los objetivos expuestos.<\/p>\n\n\n\n<p><strong>La descripci\u00f3n de las l\u00edneas de investigaci\u00f3n<\/strong><\/p>\n\n\n\n<p>Es un \u00e1rea que se encarga de dise\u00f1ar, planificar lineamientos que se relacionen con las actividades de formaci\u00f3n, e investigaci\u00f3n y preparaci\u00f3n de servicio socio educativo y universitario por \u00e1rea de conocimiento socio tecnol\u00f3gico abierto de acuerdo a la variabilidad de pr\u00e1cticas de conocimiento que se necesiten.<\/p>\n\n\n\n<blockquote class=\"wp-block-quote is-layout-flow wp-block-quote-is-layout-flow\">\n<p><strong>las l\u00edneas de investigaci\u00f3n de la <a href=\"https:\/\/localhost\/revista\/\" target=\"_blank\" rel=\"noopener\" title=\"\">Revista Cient\u00edfica Universitaria<\/a>:<\/strong><\/p>\n\n\n\n<ul class=\"wp-block-list\">\n<li>Administraci\u00f3n y t\u00e9cnicas funcionales. Organigramas y estructuras organizativas<\/li>\n\n\n\n<li>Estudios de mercado.<\/li>\n\n\n\n<li>An\u00e1lisis de organizaci\u00f3n y funcionamiento empresarial.<\/li>\n\n\n\n<li>Explicaci\u00f3n de estudios financieros de costos y de operatividad<\/li>\n\n\n\n<li>Estudios de almac\u00e9n, registros<\/li>\n\n\n\n<li>Desarrollo agr\u00edcola y siembra. Trabajo con diversidad de cultivos. Cultivo de cacao, coco, caf\u00e9. Cultivos de subsistencia.<\/li>\n\n\n\n<li>Estudios de suelos. Desarrollo de especies agr\u00edcolas.<\/li>\n\n\n\n<li>Turismo y eco conservaci\u00f3n. Desarrollo sustentable. Planificaci\u00f3n y avance socio productivo. Sustentable y desarrollo sostenible.<\/li>\n\n\n\n<li>Eco Producci\u00f3n y avance Agroalimentaci\u00f3n. An\u00e1lisis ecol\u00f3gico y de alimento.<\/li>\n\n\n\n<li>Trabajo sostenible y Hoteleria. Posada y turismo.<\/li>\n\n\n\n<li>Trabajo ecol\u00f3gico y de campo tur\u00edstico.<\/li>\n\n\n\n<li>Desarrollo de t\u00e9cnicas de alimento.<\/li>\n\n\n\n<li>Avance sostenible de conversaci\u00f3n por congelaci\u00f3n.<\/li>\n\n\n\n<li>T\u00e9cnicas de productividad alimentos.<\/li>\n\n\n\n<li>Trabajo con procesos de enlatados.<\/li>\n\n\n\n<li>An\u00e1lisis f\u00edsico qu\u00edmico de alimentaci\u00f3n.<\/li>\n\n\n\n<li>Trabajos organol\u00e9pticas alimenticios.<\/li>\n\n\n\n<li>Mercadeo y estudios de oferta y demanda.<\/li>\n\n\n\n<li>Dise\u00f1o de planes de estudios de mercado.<\/li>\n\n\n\n<li>Desarrollo de bases t\u00e9cnicas de producci\u00f3n nacional e internacional.<\/li>\n\n\n\n<li>Elaboraci\u00f3n de derivados de coco, caf\u00e9 y cacao.<\/li>\n\n\n\n<li>Producci\u00f3n de derivados de cacao.<\/li>\n\n\n\n<li>Elaboraci\u00f3n comercial y artesanal de chocolates.<\/li>\n\n\n\n<li>Estudios sobre procesos de mantenimiento y mec\u00e1nica. An\u00e1lisis diagn\u00f3stico de mantenimiento.<\/li>\n\n\n\n<li>Diagn\u00f3stico de motores diesel. Estudios de mec\u00e1nica.<\/li>\n\n\n\n<li>Trabajos con diversos tipos de engranaje mec\u00e1nico.<\/li>\n\n\n\n<li>Funciones y estructuras de motores.<\/li>\n\n\n\n<li>Dise\u00f1o de piezas metal mec\u00e1nica.<\/li>\n\n\n\n<li>Estudio operativo de tornos de piezas metal mec\u00e1nicas.<\/li>\n\n\n\n<li>Desarrollo y tipos de soldaduras.<\/li>\n\n\n\n<li>Dise\u00f1o gr\u00e1fico de planos.<\/li>\n\n\n\n<li>Estudios de tecnolog\u00eda naval.<\/li>\n\n\n\n<li>An\u00e1lisis funcional y operativo de embarcaciones.<\/li>\n\n\n\n<li>Trabajo con Autocad. Dise\u00f1os de instrumentaci\u00f3n de piezas de metal.<\/li>\n\n\n\n<li>Tipos de embarcaciones.<\/li>\n\n\n\n<li>Mantenimiento de buques.<\/li>\n\n\n\n<li>Estudios de estructura de barcos.<\/li>\n\n\n\n<li>Estudios de estructura de programaci\u00f3n.<\/li>\n\n\n\n<li>An\u00e1lisis de operatividad de redes de Inform\u00e1tica.<\/li>\n\n\n\n<li>An\u00e1lisis de sistemas operativos.<\/li>\n\n\n\n<li>Estudios de software.<\/li>\n\n\n\n<li>Estudios de logaritmos.<\/li>\n\n\n\n<li>An\u00e1lisis de redes para empresas.<\/li>\n\n\n\n<li>Siembra y cultivo de yuca.<\/li>\n\n\n\n<li>Cosecha de pl\u00e1tano y cambur.<\/li>\n\n\n\n<li>Siembra de piment\u00f3n y tomate.<\/li>\n\n\n\n<li>Siembra de ceboll\u00edn.<\/li>\n\n\n\n<li>Estudios de laboratorio. Estudios de agua.<\/li>\n\n\n\n<li>An\u00e1lisis f\u00edsico qu\u00edmico y bacteriol\u00f3gico de agua.<\/li>\n\n\n\n<li>Estudios de Alcoholes.<\/li>\n\n\n\n<li>Trabajo de fermentaci\u00f3n y macerado.<\/li>\n\n\n\n<li>Dise\u00f1o de planes de seguridad alimentaria.<\/li>\n\n\n\n<li>Tipolog\u00eda de cultura nutricional.<\/li>\n\n\n\n<li>Estudios de tipos de nutrientes de alimentaci\u00f3n.<\/li>\n\n\n\n<li>An\u00e1lisis f\u00edsico qu\u00edmico de prote\u00ednas y carbohidratos.<\/li>\n\n\n\n<li>Jornadas de planificaci\u00f3n alimentaria.<\/li>\n\n\n\n<li>Programas de reserva alimenticia.<\/li>\n<\/ul>\n<\/blockquote>\n","protected":false},"excerpt":{"rendered":"<p>Programas Acad\u00e9micos Es una estructura que planifica, objetivos, estrategias, actividades, metas, materiales, recursos, tiempo y espacio, para ejecutar procesos acad\u00e9micos, articulados con las l\u00edneas de investigaci\u00f3n previamente dise\u00f1adas a tales fines. Programas de diplomados online, virtual y presencial de diversa genesis cientifica y academicas. Programas de asesorias y tutorias directas o via online, sobre temas [&hellip;]<\/p>\n","protected":false},"author":1,"featured_media":0,"parent":0,"menu_order":0,"comment_status":"closed","ping_status":"closed","template":"","meta":{"iawp_total_views":205,"footnotes":""},"class_list":["post-458","page","type-page","status-publish","hentry"],"yoast_head":"<!-- This site is optimized with the Yoast SEO plugin v23.1 - https:\/\/yoast.com\/wordpress\/plugins\/seo\/ -->\n<title>Programas Acad\u00e9micos - Centro de Investigaci\u00f3n de Formaci\u00f3n Profesional Virtual Universitaria C.A Riff: J-501509395<\/title>\n<meta name=\"robots\" content=\"index, follow, max-snippet:-1, max-image-preview:large, max-video-preview:-1\" \/>\n<link rel=\"canonical\" href=\"https:\/\/centrodeinvestigacion.com.ve\/?page_id=458\" \/>\n<meta property=\"og:locale\" content=\"es_ES\" \/>\n<meta property=\"og:type\" content=\"article\" \/>\n<meta property=\"og:title\" content=\"Programas Acad\u00e9micos - Centro de Investigaci\u00f3n de Formaci\u00f3n Profesional Virtual Universitaria C.A Riff: J-501509395\" \/>\n<meta property=\"og:description\" content=\"Programas Acad\u00e9micos Es una estructura que planifica, objetivos, estrategias, actividades, metas, materiales, recursos, tiempo y espacio, para ejecutar procesos acad\u00e9micos, articulados con las l\u00edneas de investigaci\u00f3n previamente dise\u00f1adas a tales fines. Programas de diplomados online, virtual y presencial de diversa genesis cientifica y academicas. Programas de asesorias y tutorias directas o via online, sobre temas [&hellip;]\" \/>\n<meta property=\"og:url\" content=\"https:\/\/centrodeinvestigacion.com.ve\/?page_id=458\" \/>\n<meta property=\"og:site_name\" content=\"Centro de Investigaci\u00f3n de Formaci\u00f3n Profesional Virtual Universitaria C.A Riff: J-501509395\" \/>\n<meta property=\"article:modified_time\" content=\"2025-05-27T13:44:26+00:00\" \/>\n<meta name=\"twitter:card\" content=\"summary_large_image\" \/>\n<meta name=\"twitter:label1\" content=\"Tiempo de lectura\" \/>\n\t<meta name=\"twitter:data1\" content=\"2 minutos\" \/>\n<script type=\"application\/ld+json\" class=\"yoast-schema-graph\">{\"@context\":\"https:\/\/schema.org\",\"@graph\":[{\"@type\":\"WebPage\",\"@id\":\"https:\/\/centrodeinvestigacion.com.ve\/?page_id=458\",\"url\":\"https:\/\/centrodeinvestigacion.com.ve\/?page_id=458\",\"name\":\"Programas Acad\u00e9micos - Centro de Investigaci\u00f3n de Formaci\u00f3n Profesional Virtual Universitaria C.A Riff: J-501509395\",\"isPartOf\":{\"@id\":\"https:\/\/centrodeinvestigacion.com.ve\/#website\"},\"datePublished\":\"2024-07-14T18:52:34+00:00\",\"dateModified\":\"2025-05-27T13:44:26+00:00\",\"breadcrumb\":{\"@id\":\"https:\/\/centrodeinvestigacion.com.ve\/?page_id=458#breadcrumb\"},\"inLanguage\":\"es\",\"potentialAction\":[{\"@type\":\"ReadAction\",\"target\":[\"https:\/\/centrodeinvestigacion.com.ve\/?page_id=458\"]}]},{\"@type\":\"BreadcrumbList\",\"@id\":\"https:\/\/centrodeinvestigacion.com.ve\/?page_id=458#breadcrumb\",\"itemListElement\":[{\"@type\":\"ListItem\",\"position\":1,\"name\":\"Portada\",\"item\":\"https:\/\/centrodeinvestigacion.com.ve\/\"},{\"@type\":\"ListItem\",\"position\":2,\"name\":\"Programas Acad\u00e9micos\"}]},{\"@type\":\"WebSite\",\"@id\":\"https:\/\/centrodeinvestigacion.com.ve\/#website\",\"url\":\"https:\/\/centrodeinvestigacion.com.ve\/\",\"name\":\"Centro de Investigaci\u00f3n de Formaci\u00f3n Profesional Virtual Universitaria C.A Riff: J-501509395\",\"description\":\"\",\"publisher\":{\"@id\":\"https:\/\/centrodeinvestigacion.com.ve\/#organization\"},\"potentialAction\":[{\"@type\":\"SearchAction\",\"target\":{\"@type\":\"EntryPoint\",\"urlTemplate\":\"https:\/\/centrodeinvestigacion.com.ve\/?s={search_term_string}\"},\"query-input\":\"required name=search_term_string\"}],\"inLanguage\":\"es\"},{\"@type\":\"Organization\",\"@id\":\"https:\/\/centrodeinvestigacion.com.ve\/#organization\",\"name\":\"Centro de Investigaci\u00f3n de Formaci\u00f3n Profesional Virtual Universitaria C.A Riff: J-501509395\",\"url\":\"https:\/\/centrodeinvestigacion.com.ve\/\",\"logo\":{\"@type\":\"ImageObject\",\"inLanguage\":\"es\",\"@id\":\"https:\/\/centrodeinvestigacion.com.ve\/#\/schema\/logo\/image\/\",\"url\":\"https:\/\/centrodeinvestigacion.com.ve\/wp-content\/uploads\/2025\/11\/cropped-IMG-20251109-WA0071-2.jpg\",\"contentUrl\":\"https:\/\/centrodeinvestigacion.com.ve\/wp-content\/uploads\/2025\/11\/cropped-IMG-20251109-WA0071-2.jpg\",\"width\":443,\"height\":172,\"caption\":\"Centro de Investigaci\u00f3n de Formaci\u00f3n Profesional Virtual Universitaria C.A Riff: J-501509395\"},\"image\":{\"@id\":\"https:\/\/centrodeinvestigacion.com.ve\/#\/schema\/logo\/image\/\"}}]}<\/script>\n<!-- \/ Yoast SEO plugin. -->","yoast_head_json":{"title":"Programas Acad\u00e9micos - Centro de Investigaci\u00f3n de Formaci\u00f3n Profesional Virtual Universitaria C.A Riff: J-501509395","robots":{"index":"index","follow":"follow","max-snippet":"max-snippet:-1","max-image-preview":"max-image-preview:large","max-video-preview":"max-video-preview:-1"},"canonical":"https:\/\/centrodeinvestigacion.com.ve\/?page_id=458","og_locale":"es_ES","og_type":"article","og_title":"Programas Acad\u00e9micos - Centro de Investigaci\u00f3n de Formaci\u00f3n Profesional Virtual Universitaria C.A Riff: J-501509395","og_description":"Programas Acad\u00e9micos Es una estructura que planifica, objetivos, estrategias, actividades, metas, materiales, recursos, tiempo y espacio, para ejecutar procesos acad\u00e9micos, articulados con las l\u00edneas de investigaci\u00f3n previamente dise\u00f1adas a tales fines. Programas de diplomados online, virtual y presencial de diversa genesis cientifica y academicas. Programas de asesorias y tutorias directas o via online, sobre temas [&hellip;]","og_url":"https:\/\/centrodeinvestigacion.com.ve\/?page_id=458","og_site_name":"Centro de Investigaci\u00f3n de Formaci\u00f3n Profesional Virtual Universitaria C.A Riff: J-501509395","article_modified_time":"2025-05-27T13:44:26+00:00","twitter_card":"summary_large_image","twitter_misc":{"Tiempo de lectura":"2 minutos"},"schema":{"@context":"https:\/\/schema.org","@graph":[{"@type":"WebPage","@id":"https:\/\/centrodeinvestigacion.com.ve\/?page_id=458","url":"https:\/\/centrodeinvestigacion.com.ve\/?page_id=458","name":"Programas Acad\u00e9micos - Centro de Investigaci\u00f3n de Formaci\u00f3n Profesional Virtual Universitaria C.A Riff: J-501509395","isPartOf":{"@id":"https:\/\/centrodeinvestigacion.com.ve\/#website"},"datePublished":"2024-07-14T18:52:34+00:00","dateModified":"2025-05-27T13:44:26+00:00","breadcrumb":{"@id":"https:\/\/centrodeinvestigacion.com.ve\/?page_id=458#breadcrumb"},"inLanguage":"es","potentialAction":[{"@type":"ReadAction","target":["https:\/\/centrodeinvestigacion.com.ve\/?page_id=458"]}]},{"@type":"BreadcrumbList","@id":"https:\/\/centrodeinvestigacion.com.ve\/?page_id=458#breadcrumb","itemListElement":[{"@type":"ListItem","position":1,"name":"Portada","item":"https:\/\/centrodeinvestigacion.com.ve\/"},{"@type":"ListItem","position":2,"name":"Programas Acad\u00e9micos"}]},{"@type":"WebSite","@id":"https:\/\/centrodeinvestigacion.com.ve\/#website","url":"https:\/\/centrodeinvestigacion.com.ve\/","name":"Centro de Investigaci\u00f3n de Formaci\u00f3n Profesional Virtual Universitaria C.A Riff: J-501509395","description":"","publisher":{"@id":"https:\/\/centrodeinvestigacion.com.ve\/#organization"},"potentialAction":[{"@type":"SearchAction","target":{"@type":"EntryPoint","urlTemplate":"https:\/\/centrodeinvestigacion.com.ve\/?s={search_term_string}"},"query-input":"required name=search_term_string"}],"inLanguage":"es"},{"@type":"Organization","@id":"https:\/\/centrodeinvestigacion.com.ve\/#organization","name":"Centro de Investigaci\u00f3n de Formaci\u00f3n Profesional Virtual Universitaria C.A Riff: J-501509395","url":"https:\/\/centrodeinvestigacion.com.ve\/","logo":{"@type":"ImageObject","inLanguage":"es","@id":"https:\/\/centrodeinvestigacion.com.ve\/#\/schema\/logo\/image\/","url":"https:\/\/centrodeinvestigacion.com.ve\/wp-content\/uploads\/2025\/11\/cropped-IMG-20251109-WA0071-2.jpg","contentUrl":"https:\/\/centrodeinvestigacion.com.ve\/wp-content\/uploads\/2025\/11\/cropped-IMG-20251109-WA0071-2.jpg","width":443,"height":172,"caption":"Centro de Investigaci\u00f3n de Formaci\u00f3n Profesional Virtual Universitaria C.A Riff: J-501509395"},"image":{"@id":"https:\/\/centrodeinvestigacion.com.ve\/#\/schema\/logo\/image\/"}}]}},"_links":{"self":[{"href":"https:\/\/centrodeinvestigacion.com.ve\/index.php?rest_route=\/wp\/v2\/pages\/458","targetHints":{"allow":["GET"]}}],"collection":[{"href":"https:\/\/centrodeinvestigacion.com.ve\/index.php?rest_route=\/wp\/v2\/pages"}],"about":[{"href":"https:\/\/centrodeinvestigacion.com.ve\/index.php?rest_route=\/wp\/v2\/types\/page"}],"author":[{"embeddable":true,"href":"https:\/\/centrodeinvestigacion.com.ve\/index.php?rest_route=\/wp\/v2\/users\/1"}],"replies":[{"embeddable":true,"href":"https:\/\/centrodeinvestigacion.com.ve\/index.php?rest_route=%2Fwp%2Fv2%2Fcomments&post=458"}],"version-history":[{"count":2,"href":"https:\/\/centrodeinvestigacion.com.ve\/index.php?rest_route=\/wp\/v2\/pages\/458\/revisions"}],"predecessor-version":[{"id":1126,"href":"https:\/\/centrodeinvestigacion.com.ve\/index.php?rest_route=\/wp\/v2\/pages\/458\/revisions\/1126"}],"wp:attachment":[{"href":"https:\/\/centrodeinvestigacion.com.ve\/index.php?rest_route=%2Fwp%2Fv2%2Fmedia&parent=458"}],"curies":[{"name":"wp","href":"https:\/\/api.w.org\/{rel}","templated":true}]}}